{"id":503,"date":"2020-08-03T17:14:03","date_gmt":"2020-08-03T15:14:03","guid":{"rendered":"http:\/\/etsferreira.fr\/?page_id=503"},"modified":"2020-08-03T17:43:27","modified_gmt":"2020-08-03T15:43:27","slug":"mentions-legales","status":"publish","type":"page","link":"https:\/\/etsferreira.fr\/index.php\/mentions-legales\/","title":{"rendered":"Mentions l\u00e9gales"},"content":{"rendered":"\t\t<div data-elementor-type=\"wp-page\" data-elementor-id=\"503\" class=\"elementor elementor-503\" data-elementor-settings=\"[]\">\n\t\t\t\t\t\t<div class=\"elementor-inner\">\n\t\t\t\t\t\t\t<div class=\"elementor-section-wrap\">\n\t\t\t\t\t\t\t<section class=\"elementor-section elementor-top-section elementor-element elementor-element-fbd3174 elementor-section-boxed elementor-section-height-default elementor-section-height-default\" data-id=\"fbd3174\" data-element_type=\"section\">\n\t\t\t\t\t\t<div class=\"elementor-container elementor-column-gap-default\">\n\t\t\t\t\t\t\t<div class=\"elementor-row\">\n\t\t\t\t\t<div class=\"elementor-column elementor-col-100 elementor-top-column elementor-element elementor-element-31be31d\" data-id=\"31be31d\" data-element_type=\"column\">\n\t\t\t<div class=\"elementor-column-wrap elementor-element-populated\">\n\t\t\t\t\t\t\t<div class=\"elementor-widget-wrap\">\n\t\t\t\t\t\t<section class=\"elementor-section elementor-inner-section elementor-element elementor-element-6dced43 elementor-section-content-top elementor-section-boxed elementor-section-height-default elementor-section-height-default\" data-id=\"6dced43\" data-element_type=\"section\">\n\t\t\t\t\t\t<div class=\"elementor-container elementor-column-gap-no\">\n\t\t\t\t\t\t\t<div class=\"elementor-row\">\n\t\t\t\t\t<div class=\"elementor-column elementor-col-50 elementor-inner-column elementor-element elementor-element-48bbf2c\" data-id=\"48bbf2c\" data-element_type=\"column\">\n\t\t\t<div class=\"elementor-column-wrap elementor-element-populated\">\n\t\t\t\t\t\t\t<div class=\"elementor-widget-wrap\">\n\t\t\t\t\t\t<div class=\"elementor-element elementor-element-e5e9318 elementor-widget elementor-widget-heading\" data-id=\"e5e9318\" data-element_type=\"widget\" data-widget_type=\"heading.default\">\n\t\t\t\t<div class=\"elementor-widget-container\">\n\t\t\t<h4 class=\"elementor-heading-title elementor-size-default\">CONFIDENTIALIT\u00c9<\/h4>\t\t<\/div>\n\t\t\t\t<\/div>\n\t\t\t\t<div class=\"elementor-element elementor-element-444b97d elementor-widget elementor-widget-text-editor\" data-id=\"444b97d\" data-element_type=\"widget\" data-widget_type=\"text-editor.default\">\n\t\t\t\t<div class=\"elementor-widget-container\">\n\t\t\t\t\t\t\t\t<div class=\"elementor-text-editor elementor-clearfix\">\n\t\t\t\t<p>Ets Ferreira n&rsquo;enregistre pas d&rsquo;informations personnelles permettant l&rsquo;identification, \u00e0 l&rsquo;exception des formulaires que l&rsquo;utilisateur est libre de remplir. Ces informations ne seront pas utilis\u00e9es sans votre accord, nous les utiliserons seulement pour vous adresser des courriers, des brochures, des devis ou vous contacter.<\/p><p>Les informations recueillies sur les sites b\u00e9n\u00e9ficient de la protection de la loi \u00ab\u00a0Informatique et Libert\u00e9s\u00a0\u00bb n\u00b0 78-17 du 06 janvier 1978. Elles b\u00e9n\u00e9ficient d&rsquo;un droit d&rsquo;acc\u00e8s, de rectification, d&rsquo;opposition \u00e0 communication et de suppression sur simple demande \u00e0 Ets Ferreira,Z one Artisanale<br \/>La Charbonni\u00e8re -Petit-Coeur 73260 La L\u00e9ch\u00e8re.<\/p><p>Ets Ferreira pourra proc\u00e9der \u00e0 des analyses statistiques sans que celles-ci soient nominatives et pourra en informer des tiers (organismes d&rsquo;\u00e9valuation de fr\u00e9quentation) sous une forme r\u00e9sum\u00e9e et non nominative.<\/p>\t\t\t\t\t<\/div>\n\t\t\t\t\t\t<\/div>\n\t\t\t\t<\/div>\n\t\t\t\t\t\t<\/div>\n\t\t\t\t\t<\/div>\n\t\t<\/div>\n\t\t\t\t<div class=\"elementor-column elementor-col-50 elementor-inner-column elementor-element elementor-element-1757276\" data-id=\"1757276\" data-element_type=\"column\">\n\t\t\t<div class=\"elementor-column-wrap elementor-element-populated\">\n\t\t\t\t\t\t\t<div class=\"elementor-widget-wrap\">\n\t\t\t\t\t\t<div class=\"elementor-element elementor-element-cb68233 elementor-widget elementor-widget-heading\" data-id=\"cb68233\" data-element_type=\"widget\" data-widget_type=\"heading.default\">\n\t\t\t\t<div class=\"elementor-widget-container\">\n\t\t\t<h4 class=\"elementor-heading-title elementor-size-default\">UTILISATION DE COOKIES\n<\/h4>\t\t<\/div>\n\t\t\t\t<\/div>\n\t\t\t\t<div class=\"elementor-element elementor-element-27ab19f elementor-widget elementor-widget-text-editor\" data-id=\"27ab19f\" data-element_type=\"widget\" data-widget_type=\"text-editor.default\">\n\t\t\t\t<div class=\"elementor-widget-container\">\n\t\t\t\t\t\t\t\t<div class=\"elementor-text-editor elementor-clearfix\">\n\t\t\t\t<p>La gestion des commandes n\u00e9cessite l&rsquo;utilisation de cookies. Des informations non personnelles sont enregistr\u00e9es par ce syst\u00e8me de cookies (fichiers texte utilis\u00e9s pour reconna\u00eetre un utilisateur et ainsi faciliter son utilisation du site). Ceux-ci n&rsquo;ont aucune signification en dehors de leur utilisation sur le site <a href=\"http:\/\/etsferreira.fr\">etsferreira.fr<\/a><\/p>\t\t\t\t\t<\/div>\n\t\t\t\t\t\t<\/div>\n\t\t\t\t<\/div>\n\t\t\t\t<div class=\"elementor-element elementor-element-14214df elementor-widget elementor-widget-heading\" data-id=\"14214df\" data-element_type=\"widget\" data-widget_type=\"heading.default\">\n\t\t\t\t<div class=\"elementor-widget-container\">\n\t\t\t<h4 class=\"elementor-heading-title elementor-size-default\">LIENS HYPERTEXTE<\/h4>\t\t<\/div>\n\t\t\t\t<\/div>\n\t\t\t\t<div class=\"elementor-element elementor-element-bb3ba71 elementor-widget elementor-widget-text-editor\" data-id=\"bb3ba71\" data-element_type=\"widget\" data-widget_type=\"text-editor.default\">\n\t\t\t\t<div class=\"elementor-widget-container\">\n\t\t\t\t\t\t\t\t<div class=\"elementor-text-editor elementor-clearfix\">\n\t\t\t\t<p>Ets Ferreira ne contr\u00f4le pas les sites en connexion avec le sien, et ne saurait donc \u00eatre responsable de leur contenu. Les risques li\u00e9s \u00e0 l&rsquo;utilisation de ces sites incombent pleinement \u00e0 l&rsquo;utilisateur. Il se conformera \u00e0 leurs conditions d&rsquo;utilisation.<\/p>\t\t\t\t\t<\/div>\n\t\t\t\t\t\t<\/div>\n\t\t\t\t<\/div>\n\t\t\t\t\t\t<\/div>\n\t\t\t\t\t<\/div>\n\t\t<\/div>\n\t\t\t\t\t\t\t\t<\/div>\n\t\t\t\t\t<\/div>\n\t\t<\/section>\n\t\t\t\t\t\t<\/div>\n\t\t\t\t\t<\/div>\n\t\t<\/div>\n\t\t\t\t\t\t\t\t<\/div>\n\t\t\t\t\t<\/div>\n\t\t<\/section>\n\t\t\t\t<section class=\"elementor-section elementor-top-section elementor-element elementor-element-dd90f2e elementor-section-boxed elementor-section-height-default elementor-section-height-default\" data-id=\"dd90f2e\" data-element_type=\"section\">\n\t\t\t\t\t\t<div class=\"elementor-container elementor-column-gap-default\">\n\t\t\t\t\t\t\t<div class=\"elementor-row\">\n\t\t\t\t\t<div class=\"elementor-column elementor-col-100 elementor-top-column elementor-element elementor-element-6f6cf81\" data-id=\"6f6cf81\" data-element_type=\"column\">\n\t\t\t<div class=\"elementor-column-wrap elementor-element-populated\">\n\t\t\t\t\t\t\t<div class=\"elementor-widget-wrap\">\n\t\t\t\t\t\t<section class=\"elementor-section elementor-inner-section elementor-element elementor-element-5974fe6 elementor-section-content-top elementor-section-boxed elementor-section-height-default elementor-section-height-default\" data-id=\"5974fe6\" data-element_type=\"section\">\n\t\t\t\t\t\t<div class=\"elementor-container elementor-column-gap-no\">\n\t\t\t\t\t\t\t<div class=\"elementor-row\">\n\t\t\t\t\t<div class=\"elementor-column elementor-col-50 elementor-inner-column elementor-element elementor-element-342264d\" data-id=\"342264d\" data-element_type=\"column\">\n\t\t\t<div class=\"elementor-column-wrap elementor-element-populated\">\n\t\t\t\t\t\t\t<div class=\"elementor-widget-wrap\">\n\t\t\t\t\t\t<div class=\"elementor-element elementor-element-df8a236 elementor-widget elementor-widget-heading\" data-id=\"df8a236\" data-element_type=\"widget\" data-widget_type=\"heading.default\">\n\t\t\t\t<div class=\"elementor-widget-container\">\n\t\t\t<h4 class=\"elementor-heading-title elementor-size-default\">R\u00c8GLEMENT G\u00c9N\u00c9RAL SUR LA PROTECTION DES DONN\u00c9ES (RGPD)<br><\/h4>\t\t<\/div>\n\t\t\t\t<\/div>\n\t\t\t\t<div class=\"elementor-element elementor-element-6b6ba10 elementor-widget elementor-widget-text-editor\" data-id=\"6b6ba10\" data-element_type=\"widget\" data-widget_type=\"text-editor.default\">\n\t\t\t\t<div class=\"elementor-widget-container\">\n\t\t\t\t\t\t\t\t<div class=\"elementor-text-editor elementor-clearfix\">\n\t\t\t\t<p>Ets Ferreira s&rsquo;engage \u00e0 ce que la collecte et le traitement de vos donn\u00e9es, effectu\u00e9s \u00e0 partir du site <a href=\"http:\/\/etsferreira.fr\">etsferreira.fr<\/a> , soient conformes au r\u00e8glement g\u00e9n\u00e9ral sur la protection des donn\u00e9es (RGPD). Chaque formulaire ou t\u00e9l\u00e9service limite la collecte des donn\u00e9es personnelles au strict n\u00e9cessaire (minimisation des donn\u00e9es) et indique notamment :<\/p><ul><li>quels sont les objectifs du recueil de ces donn\u00e9es,<\/li><li>si ces donn\u00e9es sont obligatoires ou facultatives pour la gestion de votre demande,<\/li><li>qui pourra en prendre connaissance (uniquement Ets Ferreira en principe, sauf pr\u00e9cision dans le formulaire lorsqu&rsquo;une transmission \u00e0 un tiers est n\u00e9cessaire \u00e0 la gestion de votre demande),<\/li><\/ul><p>Les donn\u00e9es personnelles recueillies dans le cadre des services propos\u00e9s sur <a href=\"http:\/\/etsferreira.fr\">etsferreira.fr<\/a>\u00a0sont trait\u00e9es selon des protocoles s\u00e9curis\u00e9s et permettent \u00e0 Ets Ferreira de g\u00e9rer les demandes re\u00e7ues dans ses applications informatiques.<\/p><p>Pour toute information ou exercice de vos droits Informatique et Libert\u00e9s sur les traitements de donn\u00e9es personnelles g\u00e9r\u00e9s par Ets Ferreira, vous pouvez contacter Ets Ferreira et \u00e9ventuellement son d\u00e9l\u00e9gu\u00e9 \u00e0 la protection des donn\u00e9es (DPO), si distingu\u00e9.<\/p>\t\t\t\t\t<\/div>\n\t\t\t\t\t\t<\/div>\n\t\t\t\t<\/div>\n\t\t\t\t\t\t<\/div>\n\t\t\t\t\t<\/div>\n\t\t<\/div>\n\t\t\t\t<div class=\"elementor-column elementor-col-50 elementor-inner-column elementor-element elementor-element-7032b38\" data-id=\"7032b38\" data-element_type=\"column\">\n\t\t\t<div class=\"elementor-column-wrap elementor-element-populated\">\n\t\t\t\t\t\t\t<div class=\"elementor-widget-wrap\">\n\t\t\t\t\t\t<div class=\"elementor-element elementor-element-c075ffb elementor-widget elementor-widget-heading\" data-id=\"c075ffb\" data-element_type=\"widget\" data-widget_type=\"heading.default\">\n\t\t\t\t<div class=\"elementor-widget-container\">\n\t\t\t<h4 class=\"elementor-heading-title elementor-size-default\">\u00c9DITEUR<\/h4>\t\t<\/div>\n\t\t\t\t<\/div>\n\t\t\t\t<div class=\"elementor-element elementor-element-54b3ebc elementor-widget elementor-widget-text-editor\" data-id=\"54b3ebc\" data-element_type=\"widget\" data-widget_type=\"text-editor.default\">\n\t\t\t\t<div class=\"elementor-widget-container\">\n\t\t\t\t\t\t\t\t<div class=\"elementor-text-editor elementor-clearfix\">\n\t\t\t\t<p>ETS FERREIRA<br \/>RCS COURS :\u00a0<br \/>Si\u00e8ge social : Zone Artisanale<br \/>La Charbonni\u00e8re -Petit-Coeur 73260 La L\u00e9ch\u00e8re<br \/>N\u00b0 de t\u00e9l\u00e9phone :+33 4 79 22 95 40<br \/><br \/><\/p>\t\t\t\t\t<\/div>\n\t\t\t\t\t\t<\/div>\n\t\t\t\t<\/div>\n\t\t\t\t\t\t<\/div>\n\t\t\t\t\t<\/div>\n\t\t<\/div>\n\t\t\t\t\t\t\t\t<\/div>\n\t\t\t\t\t<\/div>\n\t\t<\/section>\n\t\t\t\t\t\t<\/div>\n\t\t\t\t\t<\/div>\n\t\t<\/div>\n\t\t\t\t\t\t\t\t<\/div>\n\t\t\t\t\t<\/div>\n\t\t<\/section>\n\t\t\t\t\t\t<\/div>\n\t\t\t\t\t\t<\/div>\n\t\t\t\t\t<\/div>\n\t\t","protected":false},"excerpt":{"rendered":"<p>CONFIDENTIALIT\u00c9 Ets Ferreira n&rsquo;enregistre pas d&rsquo;informations personnelles permettant l&rsquo;identification, \u00e0 l&rsquo;exception des formulaires que l&rsquo;utilisateur est libre de remplir. Ces informations ne seront pas utilis\u00e9es sans votre accord, nous les utiliserons seulement pour vous adresser des courriers, des brochures, des devis ou vous contacter. Les informations recueillies sur les sites b\u00e9n\u00e9ficient de la protection de [&hellip;]<\/p>\n","protected":false},"author":1,"featured_media":0,"parent":0,"menu_order":0,"comment_status":"closed","ping_status":"closed","template":"","meta":[],"yoast_head":"<!-- This site is optimized with the Yoast SEO plugin v18.1 - https:\/\/yoast.com\/wordpress\/plugins\/seo\/ -->\n<title>Mentions l\u00e9gales - Ets FERREIRA<\/title>\n<meta name=\"robots\" content=\"index, follow, max-snippet:-1, max-image-preview:large, max-video-preview:-1\" \/>\n<link rel=\"canonical\" href=\"http:\/\/etsferreira.fr\/index.php\/mentions-legales\/\" \/>\n<meta property=\"og:locale\" content=\"fr_FR\" \/>\n<meta property=\"og:type\" content=\"article\" \/>\n<meta property=\"og:title\" content=\"Mentions l\u00e9gales - Ets FERREIRA\" \/>\n<meta property=\"og:description\" content=\"CONFIDENTIALIT\u00c9 Ets Ferreira n&rsquo;enregistre pas d&rsquo;informations personnelles permettant l&rsquo;identification, \u00e0 l&rsquo;exception des formulaires que l&rsquo;utilisateur est libre de remplir. Ces informations ne seront pas utilis\u00e9es sans votre accord, nous les utiliserons seulement pour vous adresser des courriers, des brochures, des devis ou vous contacter. Les informations recueillies sur les sites b\u00e9n\u00e9ficient de la protection de [&hellip;]\" \/>\n<meta property=\"og:url\" content=\"http:\/\/etsferreira.fr\/index.php\/mentions-legales\/\" \/>\n<meta property=\"og:site_name\" content=\"Ets FERREIRA\" \/>\n<meta property=\"article:modified_time\" content=\"2020-08-03T15:43:27+00:00\" \/>\n<meta name=\"twitter:card\" content=\"summary_large_image\" \/>\n<meta name=\"twitter:label1\" content=\"Dur\u00e9e de lecture estim\u00e9e\" \/>\n\t<meta name=\"twitter:data1\" content=\"2 minutes\" \/>\n<script type=\"application\/ld+json\" class=\"yoast-schema-graph\">{\"@context\":\"https:\/\/schema.org\",\"@graph\":[{\"@type\":\"WebSite\",\"@id\":\"https:\/\/etsferreira.fr\/#website\",\"url\":\"https:\/\/etsferreira.fr\/\",\"name\":\"Ets FERREIRA\",\"description\":\"Agencement cuisine professionelle et froid\",\"potentialAction\":[{\"@type\":\"SearchAction\",\"target\":{\"@type\":\"EntryPoint\",\"urlTemplate\":\"https:\/\/etsferreira.fr\/?s={search_term_string}\"},\"query-input\":\"required name=search_term_string\"}],\"inLanguage\":\"fr-FR\"},{\"@type\":\"WebPage\",\"@id\":\"http:\/\/etsferreira.fr\/index.php\/mentions-legales\/#webpage\",\"url\":\"http:\/\/etsferreira.fr\/index.php\/mentions-legales\/\",\"name\":\"Mentions l\u00e9gales - Ets FERREIRA\",\"isPartOf\":{\"@id\":\"https:\/\/etsferreira.fr\/#website\"},\"datePublished\":\"2020-08-03T15:14:03+00:00\",\"dateModified\":\"2020-08-03T15:43:27+00:00\",\"breadcrumb\":{\"@id\":\"http:\/\/etsferreira.fr\/index.php\/mentions-legales\/#breadcrumb\"},\"inLanguage\":\"fr-FR\",\"potentialAction\":[{\"@type\":\"ReadAction\",\"target\":[\"http:\/\/etsferreira.fr\/index.php\/mentions-legales\/\"]}]},{\"@type\":\"BreadcrumbList\",\"@id\":\"http:\/\/etsferreira.fr\/index.php\/mentions-legales\/#breadcrumb\",\"itemListElement\":[{\"@type\":\"ListItem\",\"position\":1,\"name\":\"Accueil\",\"item\":\"https:\/\/etsferreira.fr\/\"},{\"@type\":\"ListItem\",\"position\":2,\"name\":\"Mentions l\u00e9gales\"}]}]}<\/script>\n<!-- \/ Yoast SEO plugin. -->","yoast_head_json":{"title":"Mentions l\u00e9gales - Ets FERREIRA","robots":{"index":"index","follow":"follow","max-snippet":"max-snippet:-1","max-image-preview":"max-image-preview:large","max-video-preview":"max-video-preview:-1"},"canonical":"http:\/\/etsferreira.fr\/index.php\/mentions-legales\/","og_locale":"fr_FR","og_type":"article","og_title":"Mentions l\u00e9gales - Ets FERREIRA","og_description":"CONFIDENTIALIT\u00c9 Ets Ferreira n&rsquo;enregistre pas d&rsquo;informations personnelles permettant l&rsquo;identification, \u00e0 l&rsquo;exception des formulaires que l&rsquo;utilisateur est libre de remplir. Ces informations ne seront pas utilis\u00e9es sans votre accord, nous les utiliserons seulement pour vous adresser des courriers, des brochures, des devis ou vous contacter. Les informations recueillies sur les sites b\u00e9n\u00e9ficient de la protection de [&hellip;]","og_url":"http:\/\/etsferreira.fr\/index.php\/mentions-legales\/","og_site_name":"Ets FERREIRA","article_modified_time":"2020-08-03T15:43:27+00:00","twitter_card":"summary_large_image","twitter_misc":{"Dur\u00e9e de lecture estim\u00e9e":"2 minutes"},"schema":{"@context":"https:\/\/schema.org","@graph":[{"@type":"WebSite","@id":"https:\/\/etsferreira.fr\/#website","url":"https:\/\/etsferreira.fr\/","name":"Ets FERREIRA","description":"Agencement cuisine professionelle et froid","potentialAction":[{"@type":"SearchAction","target":{"@type":"EntryPoint","urlTemplate":"https:\/\/etsferreira.fr\/?s={search_term_string}"},"query-input":"required name=search_term_string"}],"inLanguage":"fr-FR"},{"@type":"WebPage","@id":"http:\/\/etsferreira.fr\/index.php\/mentions-legales\/#webpage","url":"http:\/\/etsferreira.fr\/index.php\/mentions-legales\/","name":"Mentions l\u00e9gales - Ets FERREIRA","isPartOf":{"@id":"https:\/\/etsferreira.fr\/#website"},"datePublished":"2020-08-03T15:14:03+00:00","dateModified":"2020-08-03T15:43:27+00:00","breadcrumb":{"@id":"http:\/\/etsferreira.fr\/index.php\/mentions-legales\/#breadcrumb"},"inLanguage":"fr-FR","potentialAction":[{"@type":"ReadAction","target":["http:\/\/etsferreira.fr\/index.php\/mentions-legales\/"]}]},{"@type":"BreadcrumbList","@id":"http:\/\/etsferreira.fr\/index.php\/mentions-legales\/#breadcrumb","itemListElement":[{"@type":"ListItem","position":1,"name":"Accueil","item":"https:\/\/etsferreira.fr\/"},{"@type":"ListItem","position":2,"name":"Mentions l\u00e9gales"}]}]}},"_links":{"self":[{"href":"https:\/\/etsferreira.fr\/index.php\/wp-json\/wp\/v2\/pages\/503"}],"collection":[{"href":"https:\/\/etsferreira.fr\/index.php\/wp-json\/wp\/v2\/pages"}],"about":[{"href":"https:\/\/etsferreira.fr\/index.php\/wp-json\/wp\/v2\/types\/page"}],"author":[{"embeddable":true,"href":"https:\/\/etsferreira.fr\/index.php\/wp-json\/wp\/v2\/users\/1"}],"replies":[{"embeddable":true,"href":"https:\/\/etsferreira.fr\/index.php\/wp-json\/wp\/v2\/comments?post=503"}],"version-history":[{"count":5,"href":"https:\/\/etsferreira.fr\/index.php\/wp-json\/wp\/v2\/pages\/503\/revisions"}],"predecessor-version":[{"id":509,"href":"https:\/\/etsferreira.fr\/index.php\/wp-json\/wp\/v2\/pages\/503\/revisions\/509"}],"wp:attachment":[{"href":"https:\/\/etsferreira.fr\/index.php\/wp-json\/wp\/v2\/media?parent=503"}],"curies":[{"name":"wp","href":"https:\/\/api.w.org\/{rel}","templated":true}]}}